{"id":776,"date":"2020-10-24T12:27:47","date_gmt":"2020-10-24T16:27:47","guid":{"rendered":"https:\/\/telaresdepalogrande.azurewebsites.net\/?page_id=776"},"modified":"2023-01-17T15:35:38","modified_gmt":"2023-01-17T19:35:38","slug":"en-telares-seguimos-adelante","status":"publish","type":"page","link":"https:\/\/telaresdepalogrande.com\/tpg\/wp\/quienes-somos\/en-telares-seguimos-adelante\/","title":{"rendered":"Nuestra Pol\u00edtica de Calidad"},"content":{"rendered":"\t\t<div data-elementor-type=\"wp-page\" data-elementor-id=\"776\" class=\"elementor elementor-776\">\n\t\t\t\t\t\t<div class=\"elementor-inner\">\n\t\t\t\t<div class=\"elementor-section-wrap\">\n\t\t\t\t\t\t\t\t\t<section class=\"elementor-section elementor-top-section elementor-element elementor-element-fbd6343 elementor-section-boxed elementor-section-height-default elementor-section-height-default\" data-id=\"fbd6343\" data-element_type=\"section\" data-settings=\"{&quot;background_background&quot;:&quot;classic&quot;}\">\n\t\t\t\t\t\t\t<div class=\"elementor-background-overlay\"><\/div>\n\t\t\t\t\t\t\t<div class=\"elementor-container elementor-column-gap-no\">\n\t\t\t\t\t\t\t<div class=\"elementor-row\">\n\t\t\t\t\t<div class=\"elementor-column elementor-col-100 elementor-top-column elementor-element elementor-element-cfbfd48\" data-id=\"cfbfd48\" data-element_type=\"column\">\n\t\t\t<div class=\"elementor-column-wrap elementor-element-populated\">\n\t\t\t\t\t\t\t<div class=\"elementor-widget-wrap\">\n\t\t\t\t\t\t<div class=\"elementor-element elementor-element-3c1950b elementor-widget elementor-widget-heading\" data-id=\"3c1950b\" data-element_type=\"widget\" data-widget_type=\"heading.default\">\n\t\t\t\t<div class=\"elementor-widget-container\">\n\t\t\t<h1 class=\"elementor-heading-title elementor-size-default\">Nuestra Pol\u00edtica de Calidad<\/h1>\t\t<\/div>\n\t\t\t\t<\/div>\n\t\t\t\t\t\t<\/div>\n\t\t\t\t\t<\/div>\n\t\t<\/div>\n\t\t\t\t\t\t\t\t<\/div>\n\t\t\t\t\t<\/div>\n\t\t<\/section>\n\t\t\t\t<section class=\"elementor-section elementor-top-section elementor-element elementor-element-b3695ee elementor-section-boxed elementor-section-height-default elementor-section-height-default\" data-id=\"b3695ee\" data-element_type=\"section\">\n\t\t\t\t\t\t<div class=\"elementor-container elementor-column-gap-no\">\n\t\t\t\t\t\t\t<div class=\"elementor-row\">\n\t\t\t\t\t<div class=\"elementor-column elementor-col-100 elementor-top-column elementor-element elementor-element-0dbe835\" data-id=\"0dbe835\" data-element_type=\"column\">\n\t\t\t<div class=\"elementor-column-wrap elementor-element-populated\">\n\t\t\t\t\t\t\t<div class=\"elementor-widget-wrap\">\n\t\t\t\t\t\t<section class=\"elementor-section elementor-inner-section elementor-element elementor-element-7451049 elementor-section-boxed elementor-section-height-default elementor-section-height-default\" data-id=\"7451049\" data-element_type=\"section\">\n\t\t\t\t\t\t<div class=\"elementor-container elementor-column-gap-no\">\n\t\t\t\t\t\t\t<div class=\"elementor-row\">\n\t\t\t\t\t<div class=\"elementor-column elementor-col-100 elementor-inner-column elementor-element elementor-element-9b9e7f4\" data-id=\"9b9e7f4\" data-element_type=\"column\">\n\t\t\t<div class=\"elementor-column-wrap elementor-element-populated\">\n\t\t\t\t\t\t\t<div class=\"elementor-widget-wrap\">\n\t\t\t\t\t\t<div class=\"elementor-element elementor-element-7420b1c elementor-widget elementor-widget-text-editor\" data-id=\"7420b1c\" data-element_type=\"widget\" data-widget_type=\"text-editor.default\">\n\t\t\t\t<div class=\"elementor-widget-container\">\n\t\t\t\t\t\t\t\t<div class=\"elementor-text-editor elementor-clearfix\">\n\t\t\t\t<p>La <strong>Excelencia en Calidad<\/strong> es la base para el manejo de nuestra empresa y de nuestros productos.<br><\/p>\t\t\t\t\t<\/div>\n\t\t\t\t\t\t<\/div>\n\t\t\t\t<\/div>\n\t\t\t\t\t\t<\/div>\n\t\t\t\t\t<\/div>\n\t\t<\/div>\n\t\t\t\t\t\t\t\t<\/div>\n\t\t\t\t\t<\/div>\n\t\t<\/section>\n\t\t\t\t<section class=\"elementor-section elementor-inner-section elementor-element elementor-element-47bc0a2 elementor-section-boxed elementor-section-height-default elementor-section-height-default\" data-id=\"47bc0a2\" data-element_type=\"section\">\n\t\t\t\t\t\t<div class=\"elementor-container elementor-column-gap-no\">\n\t\t\t\t\t\t\t<div class=\"elementor-row\">\n\t\t\t\t\t<div class=\"elementor-column elementor-col-50 elementor-inner-column elementor-element elementor-element-51be4a3\" data-id=\"51be4a3\" data-element_type=\"column\">\n\t\t\t<div class=\"elementor-column-wrap elementor-element-populated\">\n\t\t\t\t\t\t\t<div class=\"elementor-widget-wrap\">\n\t\t\t\t\t\t<div class=\"elementor-element elementor-element-7eb73ff elementor-widget elementor-widget-text-editor\" data-id=\"7eb73ff\" data-element_type=\"widget\" data-widget_type=\"text-editor.default\">\n\t\t\t\t<div class=\"elementor-widget-container\">\n\t\t\t\t\t\t\t\t<div class=\"elementor-text-editor elementor-clearfix\">\n\t\t\t\t<p>Es la piedra angular de nuestro objetivo: <strong>satisfacer a nuestros clientes<\/strong> suministrando, consistentemente, servicios y productos de calidad que superen sus expectativas.<\/p><p>Buscamos activamente el <strong>mejoramiento de la calidad<\/strong> para hacer posible que cada uno de nuestro personal, haga su trabajo correctamente.<\/p><p class=\"MsoNormal\"><b>Somos puntal del \u00e9xito de nuestros clientes<\/b>, con quienes mantenemos una \u00edntima relaci\u00f3n. Estamos con ellos en el largo plazo, y juntos creamos un futuro mejor. Mantenemos un <b>alto nivel de compromiso personal<\/b>, respetando la diversidad con una actitud objetiva, agregando valor continuamente a nuestra relaci\u00f3n; contribuyendo as\u00ed a sus resultados, al aumento del conocimiento y a su aplicaci\u00f3n pr\u00e1ctica.<\/p>\t\t\t\t\t<\/div>\n\t\t\t\t\t\t<\/div>\n\t\t\t\t<\/div>\n\t\t\t\t\t\t<\/div>\n\t\t\t\t\t<\/div>\n\t\t<\/div>\n\t\t\t\t<div class=\"elementor-column elementor-col-50 elementor-inner-column elementor-element elementor-element-ff07b3c\" data-id=\"ff07b3c\" data-element_type=\"column\">\n\t\t\t<div class=\"elementor-column-wrap elementor-element-populated\">\n\t\t\t\t\t\t\t<div class=\"elementor-widget-wrap\">\n\t\t\t\t\t\t<div class=\"elementor-element elementor-element-b8936f4 elementor-widget elementor-widget-image\" data-id=\"b8936f4\" data-element_type=\"widget\" data-widget_type=\"image.default\">\n\t\t\t\t<div class=\"elementor-widget-container\">\n\t\t\t\t\t\t\t\t<div class=\"elementor-image\">\n\t\t\t\t\t\t\t\t\t\t\t\t<img loading=\"lazy\" decoding=\"async\" width=\"768\" height=\"512\" src=\"https:\/\/telaresdepalogrande.com\/tpg\/wp\/wp-content\/uploads\/2021\/02\/telares-20-768x512.jpg\" class=\"attachment-medium_large size-medium_large wp-image-936\" alt=\"\" srcset=\"https:\/\/telaresdepalogrande.com\/tpg\/wp\/wp-content\/uploads\/2021\/02\/telares-20-768x512.jpg 768w, https:\/\/telaresdepalogrande.com\/tpg\/wp\/wp-content\/uploads\/2021\/02\/telares-20-300x200.jpg 300w, https:\/\/telaresdepalogrande.com\/tpg\/wp\/wp-content\/uploads\/2021\/02\/telares-20.jpg 900w\" sizes=\"auto, (max-width: 768px) 100vw, 768px\" \/>\t\t\t\t\t\t\t\t\t\t\t\t\t\t<\/div>\n\t\t\t\t\t\t<\/div>\n\t\t\t\t<\/div>\n\t\t\t\t\t\t<\/div>\n\t\t\t\t\t<\/div>\n\t\t<\/div>\n\t\t\t\t\t\t\t\t<\/div>\n\t\t\t\t\t<\/div>\n\t\t<\/section>\n\t\t\t\t<section class=\"elementor-section elementor-inner-section elementor-element elementor-element-645897f elementor-section-boxed elementor-section-height-default elementor-section-height-default\" data-id=\"645897f\" data-element_type=\"section\">\n\t\t\t\t\t\t<div class=\"elementor-container elementor-column-gap-no\">\n\t\t\t\t\t\t\t<div class=\"elementor-row\">\n\t\t\t\t\t<div class=\"elementor-column elementor-col-100 elementor-inner-column elementor-element elementor-element-5675b34\" data-id=\"5675b34\" data-element_type=\"column\">\n\t\t\t<div class=\"elementor-column-wrap elementor-element-populated\">\n\t\t\t\t\t\t\t<div class=\"elementor-widget-wrap\">\n\t\t\t\t\t\t<div class=\"elementor-element elementor-element-11ea847 elementor-widget elementor-widget-text-editor\" data-id=\"11ea847\" data-element_type=\"widget\" data-widget_type=\"text-editor.default\">\n\t\t\t\t<div class=\"elementor-widget-container\">\n\t\t\t\t\t\t\t\t<div class=\"elementor-text-editor elementor-clearfix\">\n\t\t\t\t<p><strong>Somos colegas profesionales<\/strong> que contribuyen a crear soluciones a problemas y situaciones dif\u00edciles. Nuestro cliente es la fuente de nuestra reputaci\u00f3n; nos nutre con su crecimiento personal y profesional y con la aplicaci\u00f3n del conocimiento adquirido. Su \u00e9xito es la medida de nuestro \u00e9xito y nuestra primera referencia de mercadeo. <strong>Actuamos con rectitud y estamos comprometidos<\/strong> en el desarrollo mutuo, en un ambiente de alegr\u00eda, respeto, confianza y lealtad.<\/p>\t\t\t\t\t<\/div>\n\t\t\t\t\t\t<\/div>\n\t\t\t\t<\/div>\n\t\t\t\t\t\t<\/div>\n\t\t\t\t\t<\/div>\n\t\t<\/div>\n\t\t\t\t\t\t\t\t<\/div>\n\t\t\t\t\t<\/div>\n\t\t<\/section>\n\t\t\t\t\t\t<\/div>\n\t\t\t\t\t<\/div>\n\t\t<\/div>\n\t\t\t\t\t\t\t\t<\/div>\n\t\t\t\t\t<\/div>\n\t\t<\/section>\n\t\t\t\t<section class=\"elementor-section elementor-top-section elementor-element elementor-element-bb1be56 elementor-hidden-desktop elementor-hidden-tablet elementor-hidden-phone elementor-section-boxed elementor-section-height-default elementor-section-height-default\" data-id=\"bb1be56\" data-element_type=\"section\" data-settings=\"{&quot;background_background&quot;:&quot;classic&quot;}\">\n\t\t\t\t\t\t<div class=\"elementor-container elementor-column-gap-no\">\n\t\t\t\t\t\t\t<div class=\"elementor-row\">\n\t\t\t\t\t<div class=\"elementor-column elementor-col-100 elementor-top-column elementor-element elementor-element-7b80cbe elementor-hidden-desktop elementor-hidden-tablet elementor-hidden-phone\" data-id=\"7b80cbe\" data-element_type=\"column\">\n\t\t\t<div class=\"elementor-column-wrap\">\n\t\t\t\t\t\t\t<div class=\"elementor-widget-wrap\">\n\t\t\t\t\t\t\t\t<\/div>\n\t\t\t\t\t<\/div>\n\t\t<\/div>\n\t\t\t\t\t\t\t\t<\/div>\n\t\t\t\t\t<\/div>\n\t\t<\/section>\n\t\t\t\t\t\t\t\t\t<\/div>\n\t\t\t<\/div>\n\t\t\t\t\t<\/div>\n\t\t","protected":false},"excerpt":{"rendered":"<p>Nuestra Pol\u00edtica de Calidad La Excelencia en Calidad es la base para el manejo de nuestra empresa y de nuestros productos. Es la piedra angular de nuestro objetivo: satisfacer a nuestros clientes suministrando, consistentemente, servicios y productos de calidad que superen sus expectativas. Buscamos activamente el mejoramiento de la calidad para hacer posible que cada &hellip;<\/p>\n<p class=\"read-more\"> <a class=\"\" href=\"https:\/\/telaresdepalogrande.com\/tpg\/wp\/quienes-somos\/en-telares-seguimos-adelante\/\"> <span class=\"screen-reader-text\">Nuestra Pol\u00edtica de Calidad<\/span> Leer m\u00e1s &raquo;<\/a><\/p>\n","protected":false},"author":1,"featured_media":0,"parent":548,"menu_order":0,"comment_status":"closed","ping_status":"closed","template":"","meta":{"site-sidebar-layout":"no-sidebar","site-content-layout":"page-builder","ast-global-header-display":"","ast-main-header-display":"","ast-hfb-above-header-display":"","ast-hfb-below-header-display":"","ast-hfb-mobile-header-display":"","site-post-title":"disabled","ast-breadcrumbs-content":"disabled","ast-featured-img":"disabled","footer-sml-layout":"","theme-transparent-header-meta":"enabled","adv-header-id-meta":"","stick-header-meta":"","header-above-stick-meta":"","header-main-stick-meta":"","header-below-stick-meta":"","footnotes":""},"class_list":["post-776","page","type-page","status-publish","hentry"],"_links":{"self":[{"href":"https:\/\/telaresdepalogrande.com\/tpg\/wp\/wp-json\/wp\/v2\/pages\/776","targetHints":{"allow":["GET"]}}],"collection":[{"href":"https:\/\/telaresdepalogrande.com\/tpg\/wp\/wp-json\/wp\/v2\/pages"}],"about":[{"href":"https:\/\/telaresdepalogrande.com\/tpg\/wp\/wp-json\/wp\/v2\/types\/page"}],"author":[{"embeddable":true,"href":"https:\/\/telaresdepalogrande.com\/tpg\/wp\/wp-json\/wp\/v2\/users\/1"}],"replies":[{"embeddable":true,"href":"https:\/\/telaresdepalogrande.com\/tpg\/wp\/wp-json\/wp\/v2\/comments?post=776"}],"version-history":[{"count":0,"href":"https:\/\/telaresdepalogrande.com\/tpg\/wp\/wp-json\/wp\/v2\/pages\/776\/revisions"}],"up":[{"embeddable":true,"href":"https:\/\/telaresdepalogrande.com\/tpg\/wp\/wp-json\/wp\/v2\/pages\/548"}],"wp:attachment":[{"href":"https:\/\/telaresdepalogrande.com\/tpg\/wp\/wp-json\/wp\/v2\/media?parent=776"}],"curies":[{"name":"wp","href":"https:\/\/api.w.org\/{rel}","templated":true}]}}